{"id":53,"date":"2025-05-07T16:07:40","date_gmt":"2025-05-07T14:07:40","guid":{"rendered":"https:\/\/www.smartport-livinglab.de\/?page_id=53"},"modified":"2025-06-16T08:35:27","modified_gmt":"2025-06-16T06:35:27","slug":"dfki","status":"publish","type":"page","link":"https:\/\/www.smartport-livinglab.de\/?page_id=53","title":{"rendered":"DFKI"},"content":{"rendered":"\n<div class=\"wp-block-media-text alignwide is-stacked-on-mobile\"><figure class=\"wp-block-media-text__media\"><img decoding=\"async\" loading=\"lazy\" width=\"1024\" height=\"445\" src=\"https:\/\/www.smartport-livinglab.de\/wp-content\/uploads\/2025\/06\/DFKI_Logo_CPS_en-1024x445.png\" alt=\"\" class=\"wp-image-64 size-full\" srcset=\"https:\/\/www.smartport-livinglab.de\/wp-content\/uploads\/2025\/06\/DFKI_Logo_CPS_en-1024x445.png 1024w, https:\/\/www.smartport-livinglab.de\/wp-content\/uploads\/2025\/06\/DFKI_Logo_CPS_en-300x130.png 300w, https:\/\/www.smartport-livinglab.de\/wp-content\/uploads\/2025\/06\/DFKI_Logo_CPS_en-768x334.png 768w, https:\/\/www.smartport-livinglab.de\/wp-content\/uploads\/2025\/06\/DFKI_Logo_CPS_en-1536x668.png 1536w, https:\/\/www.smartport-livinglab.de\/wp-content\/uploads\/2025\/06\/DFKI_Logo_CPS_en-2048x890.png 2048w\" sizes=\"(max-width: 1024px) 100vw, 1024px\" \/><\/figure><div class=\"wp-block-media-text__content\">\n<p><strong>Entwicklung sicherer IT-Infrastrukturen sowie allgemein der Einsatz von KI-Techniken<\/strong><\/p>\n<\/div><\/div>\n\n\n\n<h2><\/h2>\n\n\n\n<p><strong>Entwicklung sicherer IT-Infrastrukturen sowie allgemein der Einsatz von KI-Techniken<\/strong> (insbesondere im Bereich Robotik) im Smartport. Als technische Basis f\u00fcr den Einsatz und die Pr\u00e4sentation der Techniken soll eine <strong>Leitstandsplattform<\/strong> aufgebaut werden, die zur \u00dcberwachung (Steuerung und Lagebild) verschiedener Vorg\u00e4nge und Prozesse in einem (virtuellen) Smartport dienen soll. Dies umfasst sowohl virtuelle Prozesse auf Basis digitaler Zwillinge (z.B. Modellierung sicherer (Logistik-)Prozesse, resiliente IT-Infrastrukturen) als auch die Steuerung realer physischer Vorg\u00e4nge (z.B. Steuerung (prototypischer) Roboter- oder Drohnenanwendungen. Eine Kopplung mit (mobilen) Leitst\u00e4nden anderer Partner erlaubt eine verteilte und hybride Kontrolle bzw. Demonstration ortsgebundener Prozesse.<\/p>\n","protected":false},"excerpt":{"rendered":"<p>Entwicklung sicherer IT-Infrastrukturen sowie allgemein der Einsatz von KI-Techniken Entwicklung sicherer IT-Infrastrukturen sowie allgemein der Einsatz von KI-Techniken (insbesondere im Bereich Robotik) im Smartport. Als technische Basis f\u00fcr den Einsatz und die Pr\u00e4sentation der Techniken soll eine Leitstandsplattform aufgebaut werden, die zur \u00dcberwachung (Steuerung und Lagebild) verschiedener Vorg\u00e4nge und Prozesse in einem (virtuellen) Smartport dienen [&hellip;]<\/p>\n","protected":false},"author":1,"featured_media":0,"parent":14,"menu_order":4,"comment_status":"closed","ping_status":"closed","template":"","meta":[],"_links":{"self":[{"href":"https:\/\/www.smartport-livinglab.de\/index.php?rest_route=\/wp\/v2\/pages\/53"}],"collection":[{"href":"https:\/\/www.smartport-livinglab.de\/index.php?rest_route=\/wp\/v2\/pages"}],"about":[{"href":"https:\/\/www.smartport-livinglab.de\/index.php?rest_route=\/wp\/v2\/types\/page"}],"author":[{"embeddable":true,"href":"https:\/\/www.smartport-livinglab.de\/index.php?rest_route=\/wp\/v2\/users\/1"}],"replies":[{"embeddable":true,"href":"https:\/\/www.smartport-livinglab.de\/index.php?rest_route=%2Fwp%2Fv2%2Fcomments&post=53"}],"version-history":[{"count":3,"href":"https:\/\/www.smartport-livinglab.de\/index.php?rest_route=\/wp\/v2\/pages\/53\/revisions"}],"predecessor-version":[{"id":92,"href":"https:\/\/www.smartport-livinglab.de\/index.php?rest_route=\/wp\/v2\/pages\/53\/revisions\/92"}],"up":[{"embeddable":true,"href":"https:\/\/www.smartport-livinglab.de\/index.php?rest_route=\/wp\/v2\/pages\/14"}],"wp:attachment":[{"href":"https:\/\/www.smartport-livinglab.de\/index.php?rest_route=%2Fwp%2Fv2%2Fmedia&parent=53"}],"curies":[{"name":"wp","href":"https:\/\/api.w.org\/{rel}","templated":true}]}}