{"id":46,"date":"2025-05-07T15:43:15","date_gmt":"2025-05-07T13:43:15","guid":{"rendered":"https:\/\/www.smartport-livinglab.de\/?page_id=46"},"modified":"2025-06-16T08:35:51","modified_gmt":"2025-06-16T06:35:51","slug":"dlr-mi","status":"publish","type":"page","link":"https:\/\/www.smartport-livinglab.de\/?page_id=46","title":{"rendered":"DLR-MI"},"content":{"rendered":"\n<div class=\"wp-block-media-text alignwide is-stacked-on-mobile\"><figure class=\"wp-block-media-text__media\"><img decoding=\"async\" loading=\"lazy\" width=\"475\" height=\"158\" src=\"https:\/\/www.smartport-livinglab.de\/wp-content\/uploads\/2025\/06\/DLR_MI_Logo_DE_schwarz.png\" alt=\"\" class=\"wp-image-67 size-full\" srcset=\"https:\/\/www.smartport-livinglab.de\/wp-content\/uploads\/2025\/06\/DLR_MI_Logo_DE_schwarz.png 475w, https:\/\/www.smartport-livinglab.de\/wp-content\/uploads\/2025\/06\/DLR_MI_Logo_DE_schwarz-300x100.png 300w\" sizes=\"(max-width: 475px) 100vw, 475px\" \/><\/figure><div class=\"wp-block-media-text__content\">\n<p><strong>Entwicklung und Erweiterung modularer Sensorplattformen<\/strong><\/p>\n<\/div><\/div>\n\n\n\n<h2><\/h2>\n\n\n\n<p><strong>Entwicklung und Erweiterung modularer Sensorplattformen<\/strong> f\u00fcr die Integration in automatisierte Systeme wie Shuttlebusse, Van-Carrier, Wasserfahrzeuge oder Luftdrohnen zur Erh\u00f6hung der Sicherheit maritimer Infrastrukturen durch eine risikoorientierte Lageerfassung. In den ersten beiden Jahren werden geeignete Sensorsysteme erworben und in eine Sensorplattform integriert. Die Erweiterung dieser Plattform um zus\u00e4tzliche Sensorsysteme ist f\u00fcr die Jahre vier und f\u00fcnf geplant. Ein weiteres Ziel ist die Entwicklung eines <strong>autonomen Schiffsdemonstrators<\/strong> in enger Zusammenarbeit mit TOPAS. Hierf\u00fcr wird im dritten Jahr ein Mehrzweckboot angeschafft, f\u00fcr welches im darauffolgenden Jahr Systeme beschafft werden, die eine Kommunikation mit den von TOPAS erworbenen Sensoren und Aktuatoren erm\u00f6glichen.<\/p>\n","protected":false},"excerpt":{"rendered":"<p>Entwicklung und Erweiterung modularer Sensorplattformen Entwicklung und Erweiterung modularer Sensorplattformen f\u00fcr die Integration in automatisierte Systeme wie Shuttlebusse, Van-Carrier, Wasserfahrzeuge oder Luftdrohnen zur Erh\u00f6hung der Sicherheit maritimer Infrastrukturen durch eine risikoorientierte Lageerfassung. In den ersten beiden Jahren werden geeignete Sensorsysteme erworben und in eine Sensorplattform integriert. Die Erweiterung dieser Plattform um zus\u00e4tzliche Sensorsysteme ist f\u00fcr [&hellip;]<\/p>\n","protected":false},"author":1,"featured_media":0,"parent":14,"menu_order":5,"comment_status":"closed","ping_status":"closed","template":"","meta":[],"_links":{"self":[{"href":"https:\/\/www.smartport-livinglab.de\/index.php?rest_route=\/wp\/v2\/pages\/46"}],"collection":[{"href":"https:\/\/www.smartport-livinglab.de\/index.php?rest_route=\/wp\/v2\/pages"}],"about":[{"href":"https:\/\/www.smartport-livinglab.de\/index.php?rest_route=\/wp\/v2\/types\/page"}],"author":[{"embeddable":true,"href":"https:\/\/www.smartport-livinglab.de\/index.php?rest_route=\/wp\/v2\/users\/1"}],"replies":[{"embeddable":true,"href":"https:\/\/www.smartport-livinglab.de\/index.php?rest_route=%2Fwp%2Fv2%2Fcomments&post=46"}],"version-history":[{"count":5,"href":"https:\/\/www.smartport-livinglab.de\/index.php?rest_route=\/wp\/v2\/pages\/46\/revisions"}],"predecessor-version":[{"id":93,"href":"https:\/\/www.smartport-livinglab.de\/index.php?rest_route=\/wp\/v2\/pages\/46\/revisions\/93"}],"up":[{"embeddable":true,"href":"https:\/\/www.smartport-livinglab.de\/index.php?rest_route=\/wp\/v2\/pages\/14"}],"wp:attachment":[{"href":"https:\/\/www.smartport-livinglab.de\/index.php?rest_route=%2Fwp%2Fv2%2Fmedia&parent=46"}],"curies":[{"name":"wp","href":"https:\/\/api.w.org\/{rel}","templated":true}]}}