{"id":14,"date":"2025-04-07T14:27:50","date_gmt":"2025-04-07T12:27:50","guid":{"rendered":"https:\/\/www.smartport-livinglab.de\/?page_id=14"},"modified":"2025-09-16T15:33:30","modified_gmt":"2025-09-16T13:33:30","slug":"smartport-living-lab","status":"publish","type":"page","link":"https:\/\/www.smartport-livinglab.de\/","title":{"rendered":"Smartport Living Lab"},"content":{"rendered":"\n<h2>SmartPort Living Lab<\/h2>\n\n\n\n<p><em>Innovative Systeme f\u00fcr die Hafenwirtschaft<\/em><\/p>\n\n\n\n<figure class=\"wp-block-image size-large\"><img decoding=\"async\" loading=\"lazy\" width=\"1024\" height=\"724\" src=\"https:\/\/www.smartport-livinglab.de\/wp-content\/uploads\/2025\/04\/Smart-Cooperating-Platform-1024x724.png\" alt=\"Eine comic-hafte Zeichnung eines Containerschiffs im Hafen, von vorbeifliegenden und vorbeifahrenden Drohnen und eines umz\u00e4unten Testgel\u00e4ndes mit beispielhafter Testinfrastruktur\" class=\"wp-image-8\" srcset=\"https:\/\/www.smartport-livinglab.de\/wp-content\/uploads\/2025\/04\/Smart-Cooperating-Platform-1024x724.png 1024w, https:\/\/www.smartport-livinglab.de\/wp-content\/uploads\/2025\/04\/Smart-Cooperating-Platform-300x212.png 300w, https:\/\/www.smartport-livinglab.de\/wp-content\/uploads\/2025\/04\/Smart-Cooperating-Platform-768x543.png 768w, https:\/\/www.smartport-livinglab.de\/wp-content\/uploads\/2025\/04\/Smart-Cooperating-Platform-1536x1086.png 1536w, https:\/\/www.smartport-livinglab.de\/wp-content\/uploads\/2025\/04\/Smart-Cooperating-Platform-2048x1448.png 2048w\" sizes=\"(max-width: 1024px) 100vw, 1024px\" \/><\/figure>\n\n\n\n<p><strong>Ziel<\/strong><\/p>\n\n\n\n<p>Das bremische Programm f\u00fcr den Europ\u00e4ischen Fonds f\u00fcr Regionale Entwicklung (ERFE) 2021-2027 hat in seinem Operationellen Programm das Politische Ziel \u201eEin wettbewerbsf\u00e4higeres und intelligenteres Europa durch die F\u00f6rderung eines innovativen und intelligenten wirtschaftlichen Wandels und der regionalen IKT-Konnektivit\u00e4t\u201c formuliert. Darunter f\u00e4llt das spezifische Ziel \u201eEntwicklung und Ausbau der Forschungs- und Innovationskapazit\u00e4ten und der Einf\u00fchrung fortschrittlicher Technologien\u201c. In der laufenden EFRE-Periode konnte daher unter anderem auch das Projekt \u201eSmartport Living Lab\u201c initiiert werden, welches den Ausbau der Forschungs- und Transferkapazit\u00e4ten von wissenschaftlichen Einrichtungen im Bereich der Digitalisierung und Automatisierung der Hafenwirtschaft zum Ziel hat.<\/p>\n\n\n\n<p>Am Projekt beteiligt sind:<\/p>\n\n\n\n<ul>\n<li><a href=\"https:\/\/www.biba.uni-bremen.de\/\" target=\"_blank\" rel=\"noreferrer noopener\">BIBA &#8211; Bremer Institut f\u00fcr Produktion und Logistik GmbH<\/a><\/li>\n\n\n\n<li><a href=\"https:\/\/www.dfki.de\/web\" target=\"_blank\" rel=\"noreferrer noopener\">DFKI &#8211; Deutsches Forschungszentrum f\u00fcr K\u00fcnstliche Intelligenz GmbH<\/a><\/li>\n\n\n\n<li><a href=\"https:\/\/www.dlr.de\/de\/mi\" target=\"_blank\" rel=\"noreferrer noopener\">DLR-MI &#8211; DLR Institut f\u00fcr den Schutz maritimer Infrastrukturen<\/a><\/li>\n\n\n\n<li><a href=\"https:\/\/www.isl.org\/\" target=\"_blank\" rel=\"noreferrer noopener\">ISL &#8211; Institut f\u00fcr Seeverkehrswirtschaft und Logistik<\/a><\/li>\n\n\n\n<li><a rel=\"noreferrer noopener\" href=\"https:\/\/topas.tech\/\" target=\"_blank\">TOPAS &#8211; TOPAS Industriemathematik Innovation gGmbH<\/a><\/li>\n<\/ul>\n\n\n\n<p>Das \u201eSmartport Living Lab\u201c hat das Ziel innovative Technologien, Methoden und Konzepte im Themenfeld Smartport in enger Abstimmung mit den Hafenakteuren in- und au\u00dferhalb des Laborma\u00dfstabs zu untersuchen, zu analysieren und zu erproben. Gemeinschaftlich sollen Produkt- und Prozessinnovationen f\u00fcr die Hafenwirtschaft erforscht und etabliert werden. Ziel ist es, Demonstratoren zu Luft, Wasser und Land im Reallabor f\u00fcr die Stakeholder aus Wirtschaft und Verwaltung zug\u00e4nglich zu machen und damit die heute bestehende L\u00fccke zwischen Forschung und Anwendung nachhaltig zu schlie\u00dfen. <\/p>\n\n\n\n<p><strong>Ergebnisse<\/strong> <\/p>\n\n\n\n<p>Das \u201eSmartport Living Lab\u201c soll eine dauerhafte Transferbr\u00fccke zwischen aktueller Forschung und deren praktischer Umsetzung in den Bremischen H\u00e4fen etablieren. Dabei bauen die am Verbundprojekt beteiligten Partner jeweils dezentrale Reallabore auf, in denen ein eigener inhaltlicher Schwerpunkt verfolgt wird.<\/p>\n\n\n\n<figure class=\"wp-block-image size-large\"><img decoding=\"async\" loading=\"lazy\" width=\"1024\" height=\"717\" src=\"https:\/\/www.smartport-livinglab.de\/wp-content\/uploads\/2025\/04\/Gesamtvorhaben-1024x717.png\" alt=\"Ein Haus mit der \u00dcberschrift 'Smartport Living Lab - Innovative Systeme f\u00fcr die Hafenwirtschaft', darin die Logos der Partner BIBA, ISL, TOPAS, dfki, DLR\" class=\"wp-image-9\" srcset=\"https:\/\/www.smartport-livinglab.de\/wp-content\/uploads\/2025\/04\/Gesamtvorhaben-1024x717.png 1024w, https:\/\/www.smartport-livinglab.de\/wp-content\/uploads\/2025\/04\/Gesamtvorhaben-300x210.png 300w, https:\/\/www.smartport-livinglab.de\/wp-content\/uploads\/2025\/04\/Gesamtvorhaben-768x538.png 768w, https:\/\/www.smartport-livinglab.de\/wp-content\/uploads\/2025\/04\/Gesamtvorhaben-1536x1075.png 1536w, https:\/\/www.smartport-livinglab.de\/wp-content\/uploads\/2025\/04\/Gesamtvorhaben-2048x1433.png 2048w\" sizes=\"(max-width: 1024px) 100vw, 1024px\" \/><\/figure>\n\n\n\n<figure class=\"wp-block-table\"><table class=\"has-fixed-layout\" style=\"border-style:none;border-width:0px\"><tbody><tr><td class=\"has-text-align-center\" data-align=\"center\"><a href=\"https:\/\/www.smartport-livinglab.de\/?page_id=42\" data-type=\"page\" data-id=\"42\">BIBA<\/a><\/td><td class=\"has-text-align-center\" data-align=\"center\"><a href=\"https:\/\/www.smartport-livinglab.de\/?page_id=40\" data-type=\"page\" data-id=\"40\">ISL<\/a><\/td><td class=\"has-text-align-center\" data-align=\"center\"><a href=\"https:\/\/www.smartport-livinglab.de\/?page_id=44\" data-type=\"page\" data-id=\"44\">TOPAS<\/a><\/td><td class=\"has-text-align-center\" data-align=\"center\"><a href=\"https:\/\/www.smartport-livinglab.de\/?page_id=53\" data-type=\"page\" data-id=\"53\">dfki<\/a><\/td><td class=\"has-text-align-center\" data-align=\"center\"><a href=\"https:\/\/www.smartport-livinglab.de\/?page_id=46\" data-type=\"page\" data-id=\"46\">DLR<\/a><\/td><\/tr><\/tbody><\/table><\/figure>\n\n\n\n<p><strong>F\u00f6rderung<\/strong><\/p>\n\n\n\n<p>Das Verbundprojekt \u201eSmartport Living Lab \u2013 Innovative Systeme f\u00fcr die Hafenwirtschaft\u201c wird zu 40 Prozent aus EFRE (EU)-Mitteln und zu 60 Prozent aus Landesmitteln finanziert. Die Gesamtf\u00f6rdersumme f\u00fcr die Forschungsinfrastrukturen betr\u00e4gt \u00fcber alle Partner maximal 2,77 Mio. Euro mit einer Laufzeit von 2025 bis Ende 2029.<\/p>\n","protected":false},"excerpt":{"rendered":"<p>SmartPort Living Lab Innovative Systeme f\u00fcr die Hafenwirtschaft Ziel Das bremische Programm f\u00fcr den Europ\u00e4ischen Fonds f\u00fcr Regionale Entwicklung (ERFE) 2021-2027 hat in seinem Operationellen Programm das Politische Ziel \u201eEin wettbewerbsf\u00e4higeres und intelligenteres Europa durch die F\u00f6rderung eines innovativen und intelligenten wirtschaftlichen Wandels und der regionalen IKT-Konnektivit\u00e4t\u201c formuliert. Darunter f\u00e4llt das spezifische Ziel \u201eEntwicklung und [&hellip;]<\/p>\n","protected":false},"author":1,"featured_media":0,"parent":0,"menu_order":0,"comment_status":"closed","ping_status":"closed","template":"","meta":[],"_links":{"self":[{"href":"https:\/\/www.smartport-livinglab.de\/index.php?rest_route=\/wp\/v2\/pages\/14"}],"collection":[{"href":"https:\/\/www.smartport-livinglab.de\/index.php?rest_route=\/wp\/v2\/pages"}],"about":[{"href":"https:\/\/www.smartport-livinglab.de\/index.php?rest_route=\/wp\/v2\/types\/page"}],"author":[{"embeddable":true,"href":"https:\/\/www.smartport-livinglab.de\/index.php?rest_route=\/wp\/v2\/users\/1"}],"replies":[{"embeddable":true,"href":"https:\/\/www.smartport-livinglab.de\/index.php?rest_route=%2Fwp%2Fv2%2Fcomments&post=14"}],"version-history":[{"count":12,"href":"https:\/\/www.smartport-livinglab.de\/index.php?rest_route=\/wp\/v2\/pages\/14\/revisions"}],"predecessor-version":[{"id":120,"href":"https:\/\/www.smartport-livinglab.de\/index.php?rest_route=\/wp\/v2\/pages\/14\/revisions\/120"}],"wp:attachment":[{"href":"https:\/\/www.smartport-livinglab.de\/index.php?rest_route=%2Fwp%2Fv2%2Fmedia&parent=14"}],"curies":[{"name":"wp","href":"https:\/\/api.w.org\/{rel}","templated":true}]}}